{"id":2,"date":"2022-09-26T17:52:48","date_gmt":"2022-09-26T17:52:48","guid":{"rendered":"http:\/\/dintisorulnastrusnic.ro\/?page_id=2"},"modified":"2022-09-27T04:52:50","modified_gmt":"2022-09-27T04:52:50","slug":"adresa-si-program","status":"publish","type":"page","link":"https:\/\/dintisorulnastrusnic.ro\/","title":{"rendered":"Adres\u0103 \u0219i program"},"content":{"rendered":"\n<p>Cabinetul stomatologic Din\u021bi\u0219orul N\u0103stru\u0219nic se afl\u0103 pe strada Domneasc\u0103 nr 2, Bivol\u0103rie, Suceava<\/p>\n\n\n\n<p><\/p>\n\n\n\n<p><strong>Medici : <\/strong><\/p>\n\n\n\n<div class=\"wp-block-group is-vertical is-layout-flex wp-container-core-group-is-layout-8cf370e7 wp-block-group-is-layout-flex\">\n<div class=\"wp-block-group is-vertical is-layout-flex wp-container-core-group-is-layout-8cf370e7 wp-block-group-is-layout-flex\">\n<ul class=\"wp-block-list\"><li><strong>Alexandru G\u0103in\u0103<\/strong> &#8211;  medic stomatolog<\/li><li><strong>Radu Andreica<\/strong> &#8211; medic specialist chirurgie dento-alveolar\u0103<\/li><\/ul>\n<\/div>\n<\/div>\n\n\n\n<p><strong>Servicii disponibile<\/strong>: <\/p>\n\n\n\n<div class=\"wp-block-columns is-layout-flex wp-container-core-columns-is-layout-9d6595d7 wp-block-columns-is-layout-flex\">\n<div class=\"wp-block-column is-layout-flow wp-block-column-is-layout-flow\" style=\"flex-basis:100%\">\n<div class=\"wp-block-group is-vertical is-layout-flex wp-container-core-group-is-layout-8cf370e7 wp-block-group-is-layout-flex\">\n<ul class=\"wp-block-list\"><li><strong>Stomatologie<\/strong><\/li><li><strong>Chirurgie dento-alveolar<\/strong>\u0103<\/li><li><strong>Radiografie dento-alveolar\u0103 <\/strong><\/li><li><strong>Ortopantomografie<\/strong><\/li><\/ul>\n<\/div>\n<\/div>\n<\/div>\n\n\n\n<p><strong>Program:<\/strong><\/p>\n\n\n\n<div class=\"wp-block-group is-vertical is-layout-flex wp-container-core-group-is-layout-8cf370e7 wp-block-group-is-layout-flex\">\n<div class=\"wp-block-group is-vertical is-layout-flex wp-container-core-group-is-layout-8cf370e7 wp-block-group-is-layout-flex\">\n<ul class=\"wp-block-list\"><li>Luni-vineri : 9:00-18:00<\/li><li>S\u00e2mb\u0103t\u0103 &#8211; ocazional deschis<\/li><li>Duminic\u0103 \u0219i s\u0103rb\u0103tori &#8211; \u00eenchis<\/li><li>Pentru program\u0103ri suna\u021bi la num\u0103rul 0740301727<\/li><\/ul>\n<\/div>\n<\/div>\n\n\n\n<div class=\"wp-block-columns is-layout-flex wp-container-core-columns-is-layout-9d6595d7 wp-block-columns-is-layout-flex\">\n<div class=\"wp-block-column is-layout-flow wp-block-column-is-layout-flow\" style=\"flex-basis:100%\">\n<figure class=\"wp-block-gallery has-nested-images columns-default is-cropped wp-block-gallery-1 is-layout-flex wp-block-gallery-is-layout-flex\">\n<figure class=\"wp-block-image size-full\"><img loading=\"lazy\" decoding=\"async\" width=\"923\" height=\"1508\" data-id=\"23\" src=\"http:\/\/dintisorulnastrusnic.ro\/wp-content\/uploads\/2022\/09\/1.png\" alt=\"\" class=\"wp-image-23\" srcset=\"https:\/\/dintisorulnastrusnic.ro\/wp-content\/uploads\/2022\/09\/1.png 923w, https:\/\/dintisorulnastrusnic.ro\/wp-content\/uploads\/2022\/09\/1-184x300.png 184w, https:\/\/dintisorulnastrusnic.ro\/wp-content\/uploads\/2022\/09\/1-627x1024.png 627w, https:\/\/dintisorulnastrusnic.ro\/wp-content\/uploads\/2022\/09\/1-768x1255.png 768w\" sizes=\"auto, (max-width: 923px) 100vw, 923px\" \/><\/figure>\n\n\n\n<figure class=\"wp-block-image size-full\"><img loading=\"lazy\" decoding=\"async\" width=\"923\" height=\"2048\" data-id=\"22\" src=\"http:\/\/dintisorulnastrusnic.ro\/wp-content\/uploads\/2022\/09\/WhatsApp-Image-2022-09-26-at-19.19.17-4.jpeg\" alt=\"\" class=\"wp-image-22\" srcset=\"https:\/\/dintisorulnastrusnic.ro\/wp-content\/uploads\/2022\/09\/WhatsApp-Image-2022-09-26-at-19.19.17-4.jpeg 923w, https:\/\/dintisorulnastrusnic.ro\/wp-content\/uploads\/2022\/09\/WhatsApp-Image-2022-09-26-at-19.19.17-4-135x300.jpeg 135w\" sizes=\"auto, (max-width: 923px) 100vw, 923px\" \/><\/figure>\n\n\n\n<figure class=\"wp-block-image size-full\"><img loading=\"lazy\" decoding=\"async\" width=\"923\" height=\"2048\" data-id=\"19\" src=\"http:\/\/dintisorulnastrusnic.ro\/wp-content\/uploads\/2022\/09\/WhatsApp-Image-2022-09-26-at-19.19.17-2-2.jpeg\" alt=\"\" class=\"wp-image-19\" srcset=\"https:\/\/dintisorulnastrusnic.ro\/wp-content\/uploads\/2022\/09\/WhatsApp-Image-2022-09-26-at-19.19.17-2-2.jpeg 923w, https:\/\/dintisorulnastrusnic.ro\/wp-content\/uploads\/2022\/09\/WhatsApp-Image-2022-09-26-at-19.19.17-2-2-135x300.jpeg 135w\" sizes=\"auto, (max-width: 923px) 100vw, 923px\" \/><\/figure>\n<\/figure>\n<\/div>\n<\/div>\n","protected":false},"excerpt":{"rendered":"<p>Cabinetul stomatologic Din\u021bi\u0219orul N\u0103stru\u0219nic se afl\u0103 pe strada Domneasc\u0103 nr 2, Bivol\u0103rie, Suceava Medici : Alexandru G\u0103in\u0103 &#8211; medic stomatolog Radu Andreica &#8211; medic specialist chirurgie dento-alveolar\u0103 Servicii disponibile: Stomatologie Chirurgie dento-alveolar\u0103 Radiografie dento-alveolar\u0103 Ortopantomografie Program: Luni-vineri : 9:00-18:00 S\u00e2mb\u0103t\u0103 &#8211; ocazional deschis Duminic\u0103 \u0219i s\u0103rb\u0103tori &#8211; \u00eenchis Pentru program\u0103ri suna\u021bi la num\u0103rul 0740301727<\/p>\n","protected":false},"author":1,"featured_media":30,"parent":0,"menu_order":0,"comment_status":"closed","ping_status":"closed","template":"","meta":{"footnotes":""},"class_list":["post-2","page","type-page","status-publish","has-post-thumbnail","hentry"],"_links":{"self":[{"href":"https:\/\/dintisorulnastrusnic.ro\/index.php?rest_route=\/wp\/v2\/pages\/2","targetHints":{"allow":["GET"]}}],"collection":[{"href":"https:\/\/dintisorulnastrusnic.ro\/index.php?rest_route=\/wp\/v2\/pages"}],"about":[{"href":"https:\/\/dintisorulnastrusnic.ro\/index.php?rest_route=\/wp\/v2\/types\/page"}],"author":[{"embeddable":true,"href":"https:\/\/dintisorulnastrusnic.ro\/index.php?rest_route=\/wp\/v2\/users\/1"}],"replies":[{"embeddable":true,"href":"https:\/\/dintisorulnastrusnic.ro\/index.php?rest_route=%2Fwp%2Fv2%2Fcomments&post=2"}],"version-history":[{"count":7,"href":"https:\/\/dintisorulnastrusnic.ro\/index.php?rest_route=\/wp\/v2\/pages\/2\/revisions"}],"predecessor-version":[{"id":38,"href":"https:\/\/dintisorulnastrusnic.ro\/index.php?rest_route=\/wp\/v2\/pages\/2\/revisions\/38"}],"wp:featuredmedia":[{"embeddable":true,"href":"https:\/\/dintisorulnastrusnic.ro\/index.php?rest_route=\/wp\/v2\/media\/30"}],"wp:attachment":[{"href":"https:\/\/dintisorulnastrusnic.ro\/index.php?rest_route=%2Fwp%2Fv2%2Fmedia&parent=2"}],"curies":[{"name":"wp","href":"https:\/\/api.w.org\/{rel}","templated":true}]}}